{"id":788,"date":"2024-05-07T17:08:12","date_gmt":"2024-05-07T15:08:12","guid":{"rendered":"https:\/\/avicenaproject.com\/aviso-legal\/"},"modified":"2025-04-23T09:39:05","modified_gmt":"2025-04-23T07:39:05","slug":"legal-notice","status":"publish","type":"page","link":"https:\/\/avicenaproject.com\/en\/legal-notice\/","title":{"rendered":"Legal Notice"},"content":{"rendered":"<section\nid=\"\"\nclass=\"alignfull c-page-header js-page-header c-page-header--right align wp-block-un-blocks-page-header\"style=\"--page-header-bg: var(--lilac);\">\n  <div class=\"c-page-header__wrapper o-container o-container--full\">\n    <div class=\"c-page-header__content\" data-reveal>\n      <h1 class=\"c-page-header__title\">Aviso legal<\/h1>\n          <\/div>\n      <\/div>\n<\/section>\n\n\n\n<p>De acuerdo con la Ley 34\/2002, del 11 de Julio, de servicios de la sociedad de la informaci\u00f3n y el comercio electr\u00f3nico, indicamos los datos de informaci\u00f3n general de este sitio web:<\/p>\n\n\n\n<p>Titular: AVICENA PROJECT SL<\/p>\n\n\n\n<p>CIF: &nbsp;B66113176<br>Direcci\u00f3n: &nbsp;Plaza del Conde del Valle de Suchil 19,&nbsp;28015 &#8211; MADRID<br>Tel\u00e9fono: 679 690 217<br>Contacto :&nbsp;<a href=\"mailto:grau@avicenaproject.com\" target=\"_blank\" rel=\"noreferrer noopener\">grau@avicenaproject.com<\/a><\/p>\n\n\n\n<p>Datos del registro:<br>AVICENA PROJECT SL<br>CIF&nbsp; B66113176<br>Reg. Merc. de Madrid<br>Tomo 34507 Folio 112 Hoja M-620642 Inscripci\u00f3n 2\u00aa<\/p>\n\n\n\n<p>El acceso y utilizaci\u00f3n de la web \u201c<a href=\"http:\/\/www.avicenaproject.com\/\" target=\"_blank\" rel=\"noreferrer noopener\">www.avicenaproject.com<\/a>\u201d (en adelante el \u201csitio web\u201d) que AVICENA PROJECT SL pone a disposici\u00f3n de todos sus clientes y los usuarios de internet en general, implica que el usuario conoce y acepta expresa e \u00edntegramente las presentes condiciones Generales, todo ello sin perjuicio de la aceptaci\u00f3n particular y expresa de las condiciones particulares que pudieren aplicar para la obtenci\u00f3n de determinada informaci\u00f3n y\/o para acceder a determinados servicios que se puedan prestar en el sitio web.<\/p>\n\n\n\n<p>Estas Condiciones Generales se aplicar\u00e1n tanto a la actividad promocional y de suministro de informaci\u00f3n que se efect\u00faa a trav\u00e9s de este sitio web, como en su caso, a la prestaci\u00f3n de servicios, de tal manera que las mismas regir\u00e1n en todo momento tanto para la simple navegaci\u00f3n por el sitio web, y eventualmente para la adquisici\u00f3n de bienes y\/o a la prestaci\u00f3n de servicios en la misma, si bien estas \u00faltimas actividades se someter\u00e1n tanto a estas Condiciones Generales de Uso, como a las condiciones generales de contrataci\u00f3n aplicables y las condiciones particulares, que en su caso pudieran existir o ser de aplicaci\u00f3n.<\/p>\n\n\n\n<p>AVICENA PROJECT SL&nbsp; &nbsp;podr\u00e1 en todo momento y sin previo aviso, modificar el presente aviso legal, y\/o las condiciones particulares que, en su caso, se incluyan, mediante la publicaci\u00f3n de dichas modificaciones en la p\u00e1gina web corporativa con el fin de que puedan ser conocidas por los usuarios.<\/p>\n\n\n\n<p>AVICENA PROJECT SL&nbsp;&nbsp;&nbsp;&nbsp;se reserva igualmente el derecho de modificar en cualquier momento, sin previo aviso y de forma unilateral, el dise\u00f1o del sitio, su configuraci\u00f3n o de cualquiera de sus elementos, as\u00ed como sus informaciones o servicios, incluida propia la cancelaci\u00f3n del sitio o de cualquiera de sus elementos.&nbsp; A AVICENA PROJECT SL&nbsp;&nbsp; estar\u00e1 exente de cualquier tipo de responsabilidad derivado de la falta de disponibilidad o cualquier disfunci\u00f3n, total o parcial, del sitio web.<\/p>\n\n\n\n<p>AVICENA PROJECT SL&nbsp;&nbsp;&nbsp;&nbsp;declina cualquier responsabilidad respecto a la informaci\u00f3n que se halle fuera de esta web y no est\u00e9 gestionada directamente por&nbsp; AVICENA PROJECT SL&nbsp; o nuestro webmaster. Asimismo&nbsp;&nbsp; AVICENA PROJECT SL&nbsp;&nbsp;&nbsp;&nbsp;declina cualquier responsabilidad respecto de los contenidos o estado de los sitios cuyos enlaces pudieran estar contenidos en su sitio web, ni su inclusi\u00f3n implica que&nbsp;&nbsp; AVICENA PROJECT SL&nbsp;&nbsp; los apruebe o comparta sus contenidos o las opiniones que eventualmente puedan contener.<\/p>\n\n\n\n<p>Los usuarios del presente sitio web se obligan a no utilizar ni hacer uso de la informaci\u00f3n y\/o cualquier elemento, contenido o servicio incluido en el mismo que en cualquier modo o forma pueda implicar una infracci\u00f3n de la ley, la costumbre, el orden p\u00fablico o los derechos e intereses de terceras partes; a no acceder il\u00edcitamente al portal ni difundir a trav\u00e9s del mismo programas, virus inform\u00e1ticos o cualquier otra aplicaci\u00f3n susceptible de producir da\u00f1os a&nbsp; AVICENA PROJECT SL&nbsp; o cualquier tercero.<\/p>\n\n\n\n<h2 class=\"c-title-2 wp-block-heading\">1. Derechos de Propiedad Intelectual e Industrial. Copyright.<\/h2>\n\n\n\n<p><br>Todos los contenidos de la web (incluyendo, sin car\u00e1cter limitativo y a t\u00edtulo meramente enunciativos, bases de datos, im\u00e1genes, fotograf\u00edas, infograf\u00edas, dibujos, dise\u00f1os gr\u00e1ficos, archivos de texto, audio, v\u00eddeo y software etc\u2026) son propiedad de&nbsp;&nbsp; AVICENA PROJECT SL&nbsp;&nbsp; o le han sido licenciados y est\u00e1n protegidos por las normas nacionales o internacionales de propiedad intelectual e industrial. Dichos elementos no podr\u00e1n ser objeto de ulterior modificaci\u00f3n, copia, alteraci\u00f3n, reproducci\u00f3n, adaptaci\u00f3n o traducci\u00f3n por parte del Usuario o de terceros sin la expresa autorizaci\u00f3n por parte de&nbsp;&nbsp; AVICENA PROJECT SL&nbsp; , salvo que se indique lo contrario.<\/p>\n\n\n\n<p>Las marcas, r\u00f3tulos, signos distintivos o logotipos de&nbsp;&nbsp; AVICENA PROJECT SL&nbsp;&nbsp;&nbsp;&nbsp;que aparecen en la web son titularidad de&nbsp;&nbsp; AVICENA PROJECT SL&nbsp; &nbsp;o le han sido licenciados y est\u00e1n debidamente registrados por lo que est\u00e1n protegidos tambi\u00e9n por las normas nacionales e internacionales de propiedad industrial e intelectual vigentes.&nbsp; AVICENA PROJECT SL&nbsp; tiene todos los derechos reservados y no concede sobre los mismos licencia o autorizaci\u00f3n de uso alguno.<\/p>\n\n\n\n<p>Consiguientemente, la utilizaci\u00f3n del sitio implica el compromiso de los usuarios de no vulnerar ning\u00fan derecho de propiedad industrial o intelectual derivados de cualquier elemento integrado o presente en el sitio web, as\u00ed como a no utilizar, copiar, reproducir, modificar, distribuir, con o sin fines comerciales, los citados elementos sin el consentimiento expreso y por escrito de&nbsp;&nbsp; AVICENA PROJECT SL .<\/p>\n\n\n\n<h2 class=\"c-title-2 wp-block-heading\">2. Navegaci\u00f3n con cookies.<\/h2>\n\n\n\n<p><br>Nuestra p\u00e1gina web utiliza cookies. Las cookies son peque\u00f1os ficheros de datos que se generan en el ordenador del usuario y que nos permiten obtener la siguiente informaci\u00f3n:<\/p>\n\n\n\n<p>La fecha y hora de la \u00faltima vez que el usuario visit\u00f3 nuestro web.<br>El pa\u00eds y procedencia seleccionada por el usuario de cara a una futura presentaci\u00f3n del site acorde con su procedencia geogr\u00e1fica.<br>Aquellos elementos de seguridad que intervienen en el control de acceso a las \u00e1reas restringidas.<br>El usuario tiene la opci\u00f3n de impedir la generaci\u00f3n de cookies, mediante la selecci\u00f3n de la correspondiente opci\u00f3n en su programa navegador.<\/p>\n\n\n\n<h2 class=\"c-title-2 wp-block-heading\">3. Fuero y legislaci\u00f3n aplicable.<\/h2>\n\n\n\n<p><br>Las presentes condiciones generales y las particulares que eventualmente se puedan establecer se rigen por la legislaci\u00f3n espa\u00f1ola. Para la resoluci\u00f3n de cualquier controversia o cuestiones relativas con el uso del sitio web, las actividades desarrolladas en el mismo y el propio contenido y alcance de las condiciones generales y particulares ser\u00e1n competentes los Juzgados y Tribunales de Madrid.<\/p>\n","protected":false},"excerpt":{"rendered":"<p>De acuerdo con la Ley 34\/2002, del 11 de Julio, de servicios de la sociedad de la informaci\u00f3n y el comercio electr\u00f3nico, indicamos los datos de informaci\u00f3n general de este sitio web: Titular: AVICENA PROJECT SL CIF: &nbsp;B66113176Direcci\u00f3n: &nbsp;Plaza del Conde del Valle de Suchil 19,&nbsp;28015 &#8211; MADRIDTel\u00e9fono: 679 690 217Contacto :&nbsp;grau@avicenaproject.com Datos del registro:AVICENA &hellip;<\/p>\n","protected":false},"author":1,"featured_media":0,"parent":0,"menu_order":0,"comment_status":"closed","ping_status":"closed","template":"","meta":{"_acf_changed":false,"inline_featured_image":false,"footnotes":""},"class_list":["post-788","page","type-page","status-publish","hentry"],"acf":[],"yoast_head":"<!-- This site is optimized with the Yoast SEO plugin v23.0 - https:\/\/yoast.com\/wordpress\/plugins\/seo\/ -->\n<title>Legal Notice - Avicena<\/title>\n<meta name=\"description\" content=\"Consulta nuestro aviso legal para conocer t\u00e9rminos de uso, limitaciones de responsabilidad y derechos de propiedad intelectual.\" \/>\n<meta name=\"robots\" content=\"index, follow, max-snippet:-1, max-image-preview:large, max-video-preview:-1\" \/>\n<link rel=\"canonical\" href=\"https:\/\/avicenaproject.com\/en\/legal-notice\/\" \/>\n<meta property=\"og:locale\" content=\"en_US\" \/>\n<meta property=\"og:type\" content=\"article\" \/>\n<meta property=\"og:title\" content=\"Legal Notice - Avicena\" \/>\n<meta property=\"og:description\" content=\"Consulta nuestro aviso legal para conocer t\u00e9rminos de uso, limitaciones de responsabilidad y derechos de propiedad intelectual.\" \/>\n<meta property=\"og:url\" content=\"https:\/\/avicenaproject.com\/en\/legal-notice\/\" \/>\n<meta property=\"og:site_name\" content=\"Avicena\" \/>\n<meta property=\"article:modified_time\" content=\"2025-04-23T07:39:05+00:00\" \/>\n<meta name=\"twitter:card\" content=\"summary_large_image\" \/>\n<meta name=\"twitter:label1\" content=\"Est. reading time\" \/>\n\t<meta name=\"twitter:data1\" content=\"5 minutes\" \/>\n<script type=\"application\/ld+json\" class=\"yoast-schema-graph\">{\"@context\":\"https:\/\/schema.org\",\"@graph\":[{\"@type\":\"WebPage\",\"@id\":\"https:\/\/avicenaproject.com\/en\/legal-notice\/\",\"url\":\"https:\/\/avicenaproject.com\/en\/legal-notice\/\",\"name\":\"Legal Notice - Avicena\",\"isPartOf\":{\"@id\":\"https:\/\/avicenaproject.com\/en\/#website\"},\"datePublished\":\"2024-05-07T15:08:12+00:00\",\"dateModified\":\"2025-04-23T07:39:05+00:00\",\"description\":\"Consulta nuestro aviso legal para conocer t\u00e9rminos de uso, limitaciones de responsabilidad y derechos de propiedad intelectual.\",\"breadcrumb\":{\"@id\":\"https:\/\/avicenaproject.com\/en\/legal-notice\/#breadcrumb\"},\"inLanguage\":\"en-US\",\"potentialAction\":[{\"@type\":\"ReadAction\",\"target\":[\"https:\/\/avicenaproject.com\/en\/legal-notice\/\"]}]},{\"@type\":\"BreadcrumbList\",\"@id\":\"https:\/\/avicenaproject.com\/en\/legal-notice\/#breadcrumb\",\"itemListElement\":[{\"@type\":\"ListItem\",\"position\":1,\"name\":\"Portada\",\"item\":\"https:\/\/avicenaproject.com\/en\/\"},{\"@type\":\"ListItem\",\"position\":2,\"name\":\"Legal Notice\"}]},{\"@type\":\"WebSite\",\"@id\":\"https:\/\/avicenaproject.com\/en\/#website\",\"url\":\"https:\/\/avicenaproject.com\/en\/\",\"name\":\"Avicena\",\"description\":\"\",\"publisher\":{\"@id\":\"https:\/\/avicenaproject.com\/en\/#organization\"},\"potentialAction\":[{\"@type\":\"SearchAction\",\"target\":{\"@type\":\"EntryPoint\",\"urlTemplate\":\"https:\/\/avicenaproject.com\/en\/?s={search_term_string}\"},\"query-input\":\"required name=search_term_string\"}],\"inLanguage\":\"en-US\"},{\"@type\":\"Organization\",\"@id\":\"https:\/\/avicenaproject.com\/en\/#organization\",\"name\":\"Avicena\",\"url\":\"https:\/\/avicenaproject.com\/en\/\",\"logo\":{\"@type\":\"ImageObject\",\"inLanguage\":\"en-US\",\"@id\":\"https:\/\/avicenaproject.com\/en\/#\/schema\/logo\/image\/\",\"url\":\"https:\/\/avicenaproject.com\/wp-content\/uploads\/2024\/05\/avicena-logo.png\",\"contentUrl\":\"https:\/\/avicenaproject.com\/wp-content\/uploads\/2024\/05\/avicena-logo.png\",\"width\":482,\"height\":130,\"caption\":\"Avicena\"},\"image\":{\"@id\":\"https:\/\/avicenaproject.com\/en\/#\/schema\/logo\/image\/\"}}]}<\/script>\n<!-- \/ Yoast SEO plugin. -->","yoast_head_json":{"title":"Legal Notice - Avicena","description":"Consulta nuestro aviso legal para conocer t\u00e9rminos de uso, limitaciones de responsabilidad y derechos de propiedad intelectual.","robots":{"index":"index","follow":"follow","max-snippet":"max-snippet:-1","max-image-preview":"max-image-preview:large","max-video-preview":"max-video-preview:-1"},"canonical":"https:\/\/avicenaproject.com\/en\/legal-notice\/","og_locale":"en_US","og_type":"article","og_title":"Legal Notice - Avicena","og_description":"Consulta nuestro aviso legal para conocer t\u00e9rminos de uso, limitaciones de responsabilidad y derechos de propiedad intelectual.","og_url":"https:\/\/avicenaproject.com\/en\/legal-notice\/","og_site_name":"Avicena","article_modified_time":"2025-04-23T07:39:05+00:00","twitter_card":"summary_large_image","twitter_misc":{"Est. reading time":"5 minutes"},"schema":{"@context":"https:\/\/schema.org","@graph":[{"@type":"WebPage","@id":"https:\/\/avicenaproject.com\/en\/legal-notice\/","url":"https:\/\/avicenaproject.com\/en\/legal-notice\/","name":"Legal Notice - Avicena","isPartOf":{"@id":"https:\/\/avicenaproject.com\/en\/#website"},"datePublished":"2024-05-07T15:08:12+00:00","dateModified":"2025-04-23T07:39:05+00:00","description":"Consulta nuestro aviso legal para conocer t\u00e9rminos de uso, limitaciones de responsabilidad y derechos de propiedad intelectual.","breadcrumb":{"@id":"https:\/\/avicenaproject.com\/en\/legal-notice\/#breadcrumb"},"inLanguage":"en-US","potentialAction":[{"@type":"ReadAction","target":["https:\/\/avicenaproject.com\/en\/legal-notice\/"]}]},{"@type":"BreadcrumbList","@id":"https:\/\/avicenaproject.com\/en\/legal-notice\/#breadcrumb","itemListElement":[{"@type":"ListItem","position":1,"name":"Portada","item":"https:\/\/avicenaproject.com\/en\/"},{"@type":"ListItem","position":2,"name":"Legal Notice"}]},{"@type":"WebSite","@id":"https:\/\/avicenaproject.com\/en\/#website","url":"https:\/\/avicenaproject.com\/en\/","name":"Avicena","description":"","publisher":{"@id":"https:\/\/avicenaproject.com\/en\/#organization"},"potentialAction":[{"@type":"SearchAction","target":{"@type":"EntryPoint","urlTemplate":"https:\/\/avicenaproject.com\/en\/?s={search_term_string}"},"query-input":"required name=search_term_string"}],"inLanguage":"en-US"},{"@type":"Organization","@id":"https:\/\/avicenaproject.com\/en\/#organization","name":"Avicena","url":"https:\/\/avicenaproject.com\/en\/","logo":{"@type":"ImageObject","inLanguage":"en-US","@id":"https:\/\/avicenaproject.com\/en\/#\/schema\/logo\/image\/","url":"https:\/\/avicenaproject.com\/wp-content\/uploads\/2024\/05\/avicena-logo.png","contentUrl":"https:\/\/avicenaproject.com\/wp-content\/uploads\/2024\/05\/avicena-logo.png","width":482,"height":130,"caption":"Avicena"},"image":{"@id":"https:\/\/avicenaproject.com\/en\/#\/schema\/logo\/image\/"}}]}},"_links":{"self":[{"href":"https:\/\/avicenaproject.com\/en\/wp-json\/wp\/v2\/pages\/788","targetHints":{"allow":["GET"]}}],"collection":[{"href":"https:\/\/avicenaproject.com\/en\/wp-json\/wp\/v2\/pages"}],"about":[{"href":"https:\/\/avicenaproject.com\/en\/wp-json\/wp\/v2\/types\/page"}],"author":[{"embeddable":true,"href":"https:\/\/avicenaproject.com\/en\/wp-json\/wp\/v2\/users\/1"}],"replies":[{"embeddable":true,"href":"https:\/\/avicenaproject.com\/en\/wp-json\/wp\/v2\/comments?post=788"}],"version-history":[{"count":1,"href":"https:\/\/avicenaproject.com\/en\/wp-json\/wp\/v2\/pages\/788\/revisions"}],"predecessor-version":[{"id":792,"href":"https:\/\/avicenaproject.com\/en\/wp-json\/wp\/v2\/pages\/788\/revisions\/792"}],"wp:attachment":[{"href":"https:\/\/avicenaproject.com\/en\/wp-json\/wp\/v2\/media?parent=788"}],"curies":[{"name":"wp","href":"https:\/\/api.w.org\/{rel}","templated":true}]}}