{"id":790,"date":"2024-05-06T11:21:23","date_gmt":"2024-05-06T09:21:23","guid":{"rendered":"https:\/\/avicenaproject.com\/politica-privacidad\/"},"modified":"2025-04-23T09:38:36","modified_gmt":"2025-04-23T07:38:36","slug":"privacy-policy","status":"publish","type":"page","link":"https:\/\/avicenaproject.com\/en\/privacy-policy\/","title":{"rendered":"Privacy policy"},"content":{"rendered":"<section\nid=\"\"\nclass=\"alignfull c-page-header js-page-header c-page-header--right align wp-block-un-blocks-page-header\"style=\"--page-header-bg: var(--lilac);\">\n  <div class=\"c-page-header__wrapper o-container o-container--full\">\n    <div class=\"c-page-header__content\" data-reveal>\n      <h1 class=\"c-page-header__title\">Pol\u00edtica de privacidad<\/h1>\n          <\/div>\n      <\/div>\n<\/section>\n\n\n\n<p>El usuario, al transmitir sus datos personales a&nbsp; &nbsp;AVICENA PROJECT SL&nbsp;&nbsp;&nbsp;est\u00e1 consintiendo de forma expresa, libre e informada la recopilaci\u00f3n y uso de dicha informaci\u00f3n por parte del titular del sitio, en su caso, las empresas del grupo al que pertenece y de su proveedor de servicios (en caso de haberlo), \u00fanica y exclusivamente a los efectos de gestionar la remisi\u00f3n de la Newsletter u otras ofertas comerciales que podamos lanzar en cada momento a trav\u00e9s de los medios f\u00edsicos o electr\u00f3nicos y que de forma enunciativa y no limitativa podr\u00e1n ser los siguientes: correo electr\u00f3nico.<\/p>\n\n\n\n<p>De conformidad con la Ley Org\u00e1nica 15\/1999 de 13 de diciembre de Protecci\u00f3n de Datos de Car\u00e1cter Personal (LOPD), los datos suministrados por el Usuario quedar\u00e1n incorporados en un fichero automatizado y debidamente registrado ante la Agencia Espa\u00f1ola de Protecci\u00f3n de Datos, el cual ser\u00e1 procesado exclusivamente para la finalidad descrita. Estos datos se recoger\u00e1n a trav\u00e9s de los formularios correspondientes, los cuales solo contendr\u00e1n los campos imprescindibles para poder prestar el servicio requerido por el usuario.<\/p>\n\n\n\n<p>Los datos de car\u00e1cter personal ser\u00e1n tratados con el grado de protecci\u00f3n adecuado, seg\u00fan el Real Decreto 1720\/2007 de 21 de diciembre, tom\u00e1ndose las medidas de seguridad necesarias para evitar su alteraci\u00f3n, p\u00e9rdida, tratamiento o acceso no autorizado por parte de terceros que lo puedan utilizar para finalidades distintas para las que han sido solicitados al usuario. Con car\u00e1cter general los datos proporcionados por el usuario no ser\u00e1n transmitidos a otras entidades y\/o a terceras empresas. No obstante, en el excepcional caso en que se considere necesario que se cedan los datos de car\u00e1cter personal a otras entidades, el Usuario ser\u00e1 informado expl\u00edcitamente de la finalidad del fichero, datos cedidos y el nombre y direcci\u00f3n del cesionario, para que d\u00e9 su consentimiento inequ\u00edvoco a este respecto.<\/p>\n\n\n\n<p>En todo caso, el Usuario podr\u00e1 ejercer sus derechos de oposici\u00f3n, acceso, rectificaci\u00f3n y cancelaci\u00f3n en cumplimiento de lo establecido en la LOPD, o simplemente para cualquier consulta o comentario personal a este respecto, mediante el env\u00edo de una notificaci\u00f3n de correo electr\u00f3nico a&nbsp;&nbsp;<a href=\"mailto:grau@avicenaproject.com\" target=\"_blank\" rel=\"noreferrer noopener\">grau@avicenaproject.com<\/a>&nbsp; o dirigi\u00e9ndose por escrito a&nbsp; &nbsp;AVICENA PROJECT SL.<\/p>\n\n\n\n<p>En el caso de que&nbsp; &nbsp;AVICENA PROJECT SL&nbsp; decida cambiar su pol\u00edtica de privacidad, publicaremos dichos cambios en este sitio web, para que los usuarios conozcan exactamente sus nuevos t\u00e9rminos.<\/p>\n","protected":false},"excerpt":{"rendered":"<p>El usuario, al transmitir sus datos personales a&nbsp; &nbsp;AVICENA PROJECT SL&nbsp;&nbsp;&nbsp;est\u00e1 consintiendo de forma expresa, libre e informada la recopilaci\u00f3n y uso de dicha informaci\u00f3n por parte del titular del sitio, en su caso, las empresas del grupo al que pertenece y de su proveedor de servicios (en caso de haberlo), \u00fanica y exclusivamente a &hellip;<\/p>\n","protected":false},"author":1,"featured_media":0,"parent":0,"menu_order":0,"comment_status":"closed","ping_status":"closed","template":"","meta":{"_acf_changed":false,"inline_featured_image":false,"footnotes":""},"class_list":["post-790","page","type-page","status-publish","hentry"],"acf":[],"yoast_head":"<!-- This site is optimized with the Yoast SEO plugin v23.0 - https:\/\/yoast.com\/wordpress\/plugins\/seo\/ -->\n<title>Privacy policy - Avicena<\/title>\n<meta name=\"description\" content=\"Descubre c\u00f3mo protegemos tu informaci\u00f3n en nuestra pol\u00edtica de privacidad. Aprende sobre la recolecci\u00f3n, uso y protecci\u00f3n de tus datos personales.\" \/>\n<meta name=\"robots\" content=\"index, follow, max-snippet:-1, max-image-preview:large, max-video-preview:-1\" \/>\n<link rel=\"canonical\" href=\"https:\/\/avicenaproject.com\/en\/privacy-policy\/\" \/>\n<meta property=\"og:locale\" content=\"en_US\" \/>\n<meta property=\"og:type\" content=\"article\" \/>\n<meta property=\"og:title\" content=\"Privacy policy - Avicena\" \/>\n<meta property=\"og:description\" content=\"Descubre c\u00f3mo protegemos tu informaci\u00f3n en nuestra pol\u00edtica de privacidad. Aprende sobre la recolecci\u00f3n, uso y protecci\u00f3n de tus datos personales.\" \/>\n<meta property=\"og:url\" content=\"https:\/\/avicenaproject.com\/en\/privacy-policy\/\" \/>\n<meta property=\"og:site_name\" content=\"Avicena\" \/>\n<meta property=\"article:modified_time\" content=\"2025-04-23T07:38:36+00:00\" \/>\n<meta name=\"twitter:card\" content=\"summary_large_image\" \/>\n<meta name=\"twitter:label1\" content=\"Est. reading time\" \/>\n\t<meta name=\"twitter:data1\" content=\"2 minutes\" \/>\n<script type=\"application\/ld+json\" class=\"yoast-schema-graph\">{\"@context\":\"https:\/\/schema.org\",\"@graph\":[{\"@type\":\"WebPage\",\"@id\":\"https:\/\/avicenaproject.com\/en\/privacy-policy\/\",\"url\":\"https:\/\/avicenaproject.com\/en\/privacy-policy\/\",\"name\":\"Privacy policy - Avicena\",\"isPartOf\":{\"@id\":\"https:\/\/avicenaproject.com\/en\/#website\"},\"datePublished\":\"2024-05-06T09:21:23+00:00\",\"dateModified\":\"2025-04-23T07:38:36+00:00\",\"description\":\"Descubre c\u00f3mo protegemos tu informaci\u00f3n en nuestra pol\u00edtica de privacidad. Aprende sobre la recolecci\u00f3n, uso y protecci\u00f3n de tus datos personales.\",\"breadcrumb\":{\"@id\":\"https:\/\/avicenaproject.com\/en\/privacy-policy\/#breadcrumb\"},\"inLanguage\":\"en-US\",\"potentialAction\":[{\"@type\":\"ReadAction\",\"target\":[\"https:\/\/avicenaproject.com\/en\/privacy-policy\/\"]}]},{\"@type\":\"BreadcrumbList\",\"@id\":\"https:\/\/avicenaproject.com\/en\/privacy-policy\/#breadcrumb\",\"itemListElement\":[{\"@type\":\"ListItem\",\"position\":1,\"name\":\"Portada\",\"item\":\"https:\/\/avicenaproject.com\/en\/\"},{\"@type\":\"ListItem\",\"position\":2,\"name\":\"Privacy policy\"}]},{\"@type\":\"WebSite\",\"@id\":\"https:\/\/avicenaproject.com\/en\/#website\",\"url\":\"https:\/\/avicenaproject.com\/en\/\",\"name\":\"Avicena\",\"description\":\"\",\"publisher\":{\"@id\":\"https:\/\/avicenaproject.com\/en\/#organization\"},\"potentialAction\":[{\"@type\":\"SearchAction\",\"target\":{\"@type\":\"EntryPoint\",\"urlTemplate\":\"https:\/\/avicenaproject.com\/en\/?s={search_term_string}\"},\"query-input\":\"required name=search_term_string\"}],\"inLanguage\":\"en-US\"},{\"@type\":\"Organization\",\"@id\":\"https:\/\/avicenaproject.com\/en\/#organization\",\"name\":\"Avicena\",\"url\":\"https:\/\/avicenaproject.com\/en\/\",\"logo\":{\"@type\":\"ImageObject\",\"inLanguage\":\"en-US\",\"@id\":\"https:\/\/avicenaproject.com\/en\/#\/schema\/logo\/image\/\",\"url\":\"https:\/\/avicenaproject.com\/wp-content\/uploads\/2024\/05\/avicena-logo.png\",\"contentUrl\":\"https:\/\/avicenaproject.com\/wp-content\/uploads\/2024\/05\/avicena-logo.png\",\"width\":482,\"height\":130,\"caption\":\"Avicena\"},\"image\":{\"@id\":\"https:\/\/avicenaproject.com\/en\/#\/schema\/logo\/image\/\"}}]}<\/script>\n<!-- \/ Yoast SEO plugin. -->","yoast_head_json":{"title":"Privacy policy - Avicena","description":"Descubre c\u00f3mo protegemos tu informaci\u00f3n en nuestra pol\u00edtica de privacidad. Aprende sobre la recolecci\u00f3n, uso y protecci\u00f3n de tus datos personales.","robots":{"index":"index","follow":"follow","max-snippet":"max-snippet:-1","max-image-preview":"max-image-preview:large","max-video-preview":"max-video-preview:-1"},"canonical":"https:\/\/avicenaproject.com\/en\/privacy-policy\/","og_locale":"en_US","og_type":"article","og_title":"Privacy policy - Avicena","og_description":"Descubre c\u00f3mo protegemos tu informaci\u00f3n en nuestra pol\u00edtica de privacidad. Aprende sobre la recolecci\u00f3n, uso y protecci\u00f3n de tus datos personales.","og_url":"https:\/\/avicenaproject.com\/en\/privacy-policy\/","og_site_name":"Avicena","article_modified_time":"2025-04-23T07:38:36+00:00","twitter_card":"summary_large_image","twitter_misc":{"Est. reading time":"2 minutes"},"schema":{"@context":"https:\/\/schema.org","@graph":[{"@type":"WebPage","@id":"https:\/\/avicenaproject.com\/en\/privacy-policy\/","url":"https:\/\/avicenaproject.com\/en\/privacy-policy\/","name":"Privacy policy - Avicena","isPartOf":{"@id":"https:\/\/avicenaproject.com\/en\/#website"},"datePublished":"2024-05-06T09:21:23+00:00","dateModified":"2025-04-23T07:38:36+00:00","description":"Descubre c\u00f3mo protegemos tu informaci\u00f3n en nuestra pol\u00edtica de privacidad. Aprende sobre la recolecci\u00f3n, uso y protecci\u00f3n de tus datos personales.","breadcrumb":{"@id":"https:\/\/avicenaproject.com\/en\/privacy-policy\/#breadcrumb"},"inLanguage":"en-US","potentialAction":[{"@type":"ReadAction","target":["https:\/\/avicenaproject.com\/en\/privacy-policy\/"]}]},{"@type":"BreadcrumbList","@id":"https:\/\/avicenaproject.com\/en\/privacy-policy\/#breadcrumb","itemListElement":[{"@type":"ListItem","position":1,"name":"Portada","item":"https:\/\/avicenaproject.com\/en\/"},{"@type":"ListItem","position":2,"name":"Privacy policy"}]},{"@type":"WebSite","@id":"https:\/\/avicenaproject.com\/en\/#website","url":"https:\/\/avicenaproject.com\/en\/","name":"Avicena","description":"","publisher":{"@id":"https:\/\/avicenaproject.com\/en\/#organization"},"potentialAction":[{"@type":"SearchAction","target":{"@type":"EntryPoint","urlTemplate":"https:\/\/avicenaproject.com\/en\/?s={search_term_string}"},"query-input":"required name=search_term_string"}],"inLanguage":"en-US"},{"@type":"Organization","@id":"https:\/\/avicenaproject.com\/en\/#organization","name":"Avicena","url":"https:\/\/avicenaproject.com\/en\/","logo":{"@type":"ImageObject","inLanguage":"en-US","@id":"https:\/\/avicenaproject.com\/en\/#\/schema\/logo\/image\/","url":"https:\/\/avicenaproject.com\/wp-content\/uploads\/2024\/05\/avicena-logo.png","contentUrl":"https:\/\/avicenaproject.com\/wp-content\/uploads\/2024\/05\/avicena-logo.png","width":482,"height":130,"caption":"Avicena"},"image":{"@id":"https:\/\/avicenaproject.com\/en\/#\/schema\/logo\/image\/"}}]}},"_links":{"self":[{"href":"https:\/\/avicenaproject.com\/en\/wp-json\/wp\/v2\/pages\/790","targetHints":{"allow":["GET"]}}],"collection":[{"href":"https:\/\/avicenaproject.com\/en\/wp-json\/wp\/v2\/pages"}],"about":[{"href":"https:\/\/avicenaproject.com\/en\/wp-json\/wp\/v2\/types\/page"}],"author":[{"embeddable":true,"href":"https:\/\/avicenaproject.com\/en\/wp-json\/wp\/v2\/users\/1"}],"replies":[{"embeddable":true,"href":"https:\/\/avicenaproject.com\/en\/wp-json\/wp\/v2\/comments?post=790"}],"version-history":[{"count":1,"href":"https:\/\/avicenaproject.com\/en\/wp-json\/wp\/v2\/pages\/790\/revisions"}],"predecessor-version":[{"id":791,"href":"https:\/\/avicenaproject.com\/en\/wp-json\/wp\/v2\/pages\/790\/revisions\/791"}],"wp:attachment":[{"href":"https:\/\/avicenaproject.com\/en\/wp-json\/wp\/v2\/media?parent=790"}],"curies":[{"name":"wp","href":"https:\/\/api.w.org\/{rel}","templated":true}]}}